{"id":11330,"date":"2016-04-07T14:52:47","date_gmt":"2016-04-07T14:52:47","guid":{"rendered":"https:\/\/versano.nl\/shop\/leren-jas-heren-versano-tr50-cognac\/"},"modified":"2024-08-20T19:35:26","modified_gmt":"2024-08-20T19:35:26","slug":"leren-jas-heren-versano-tr50-cognac","status":"publish","type":"product","link":"https:\/\/versano.nl\/de\/shop\/leren-jas-heren-versano-tr50-cognac\/","title":{"rendered":"Leder Bikerjacke Herren cognac TR50 Versano"},"content":{"rendered":"<h2>Leder Bikerjacke Herren cognac TR50 Versano<\/h2>\n<p style=\"margin: 0cm 0cm 16.5pt 0cm\"><span style=\"font-size: 10.5pt;font-family: 'Arial',sans-serif;color: #282828\">Diese Lederjacke ist ein echter Hingucker und zeichnet sich durch Tragekomfort und Modell aus. Wir haben es hier mit einer Jacke zu tun, die robust aussieht. Diese Jacke ist aus Lammleder und ist eine richtig coole Bikerjacke. Die Jacke hat zwei tiefe Seitentaschen mit Rei\u00dfverschluss und eine Innentasche. Diese Herren-Lederjacke hat eine hervorragende Verarbeitung und eine schmale Passform. Man muss nicht unbedingt Biker sein, um diese Jacke zu tragen. Es wird genauso gut tun, wenn Sie f\u00fcr eine Nacht ausgehen oder zu einem besonderen Anlass gehen. Es ist eine Lederjacke, die Sie zu jeder Jahreszeit tragen k\u00f6nnen. Mit der Leder Bikerjacke Herren cognac TR50 Versano bekommst du eine Jacke die dir bestimmt gefallen wird. Dieses Modell k\u00f6nnen Sie ganz einfach auf unserer Website in verschiedenen Farben bestellen.<\/span><\/p>\n<h2 style=\"margin: 11.25pt 0cm 11.25pt 0cm\"><span style=\"font-size: 15.0pt;font-family: 'Arial',sans-serif;color: #282828\">Bestellen Sie das Modell TR50 in Cognac<\/span><\/h2>\n<p style=\"margin: 0cm 0cm 16.5pt 0cm\"><span style=\"font-size: 10.5pt;font-family: 'Arial',sans-serif;color: #282828\">Auf der Suche nach einer coolen Bikerjacke aus Leder? Dann ist es gut, einen Blick auf das My-Versano-Sortiment zu werfen. Wir verkaufen die Lederjacken der bekannten Topmarke Versano. Hier kommen die sch\u00f6nsten Materialien zum Einsatz, die von den besten Designern zu einem ansprechenden, robusten Modell geformt werden. Erh\u00e4ltlich ist der TR50 in den Farben Schwarz und Cognac, daher empfehlen wir Ihnen, einfach zu sehen, welche Farbe Ihrer Meinung nach am besten zu Ihrem eigenen Stil passt. Bei uns k\u00f6nnen Sie ganz einfach die richtige Gr\u00f6\u00dfe anhand unserer smarten Anleitungsvideos ausw\u00e4hlen. Dann k\u00f6nnen Sie uns jederzeit per Mail oder WhatsApp kontaktieren. Unsere Mitarbeiter m\u00f6chten Ihnen helfen!<\/span><\/p>\n<p style=\"margin: 0cm\"><span style=\"font-size: 10.5pt;font-family: 'Arial',sans-serif;color: #282828\">Marke:\u00a0<a href=\"https:\/\/versano.nl\/\">Versano<\/a><br \/>\nMaterial: 100% Lammfell<br \/>\nFutter: 100% Polyester<br \/>\nL\u00e4nge: kurz<br \/>\nPassform: schmale Passform<br \/>\nSchlie\u00dfung: Rei\u00dfverschluss<br \/>\nTaschen: RV-Taschen<br \/>\nKragen: Stehkragen<br \/>\nMaterial Au\u00dfenschicht: Sehr hohe Qualit\u00e4t und weiches Lammfell<br \/>\nLieferzeit: 2-3 Werktage<\/span><\/p>","protected":false},"excerpt":{"rendered":"<p>W\u00c4HLEN SIE HIER EINE ANDERE FARBE<\/p>\n<p><a href=\"https:\/\/versano.nl\/shop\/heren-bikerjack-lamsleer-zwart-versano-tr50\/\"><img loading=\"lazy\" decoding=\"async\" class=\"alignnone size-full wp-image-19912\" src=\"https:\/\/versano.nl\/wp-content\/uploads\/sites\/2\/2018\/08\/leren-bikerjack-heren-zwart-versano-tr50-thumb.jpg\" alt=\"\" width=\"57\" height=\"75\" \/><\/a><\/p>\n<p style=\"margin: 0cm 0cm 11.25pt 0cm\"><span style=\"font-size: 10.5pt;font-family: 'Arial',sans-serif;color: red\">Fit Beratung:\u00a0<\/span><span style=\"font-size: 10.5pt;font-family: 'Arial',sans-serif;color: #5d5d5d\">Die Passform dieser Jacke ist schmal geschnitten. Unser Model ist 1,75 cm gro\u00df und tr\u00e4gt Gr\u00f6\u00dfe M.<\/span><\/p>\n<p style=\"margin: 0cm 0cm 11.25pt 0cm\"><span style=\"font-size: 10.5pt;font-family: 'Arial',sans-serif;color: #5d5d5d\">Wenn Sie sich bei Ihren Ma\u00dfen nicht sicher sind, empfehlen wir Ihnen, zuerst Ihre Gr\u00f6\u00dfenma\u00dfe zu messen und sie mit unserer Gr\u00f6\u00dfentabelle zu vergleichen. Wenn Sie keine Erfahrung mit der Messung von Umfangsgr\u00f6\u00dfen haben, klicken Sie auf\u00a0<a href=\"https:\/\/www.youtube.com\/watch?v=3ZSfY87v6pM\"><em><span style=\"font-family: 'Arial',sans-serif;text-decoration: none\">HIER<\/span><\/em><span style=\"text-decoration: none\">\u00a0<\/span><\/a>\u00a0zu\u00a0<a href=\"https:\/\/www.youtube.com\/watch?v=3ZSfY87v6pM\"><em><span style=\"font-family: 'Arial',sans-serif;color: red;text-decoration: none\">VIDEO<\/span><\/em><\/a>\u00a0 mit Anweisungen. Sie k\u00f6nnen uns auch direkt anrufen oder anrufen! Unsere Mitarbeiter stehen Ihnen jederzeit zur Verf\u00fcgung.<\/span><\/p>\n<p style=\"margin: 0cm\"><strong><span style=\"font-size: 10.5pt;font-family: 'Arial',sans-serif;color: #5d5d5d\">LIEFERZEIT :<\/span><\/strong><span style=\"font-size: 10.5pt;font-family: 'Arial',sans-serif;color: #5d5d5d\"> 2 bis 3 Werktage.<\/span><\/p>","protected":false},"featured_media":13898,"comment_status":"closed","ping_status":"closed","template":"","meta":[],"product_brand":[],"product_cat":[1672,1670,147,874,907,912,1671,908,1669,1712,913,910,882],"product_tag":[1727,644,1725,1726,1724,301,645,646,1692,1698,23,647,24,1697,1716,105,1708],"class_list":{"0":"post-11330","1":"product","2":"type-product","3":"status-publish","4":"has-post-thumbnail","6":"product_cat-biker-jas-heren","7":"product_cat-heren-leren-jas","8":"product_cat-heren-leren-jassen","9":"product_cat-kort-leren-jasje","10":"product_cat-kort-leren-jasje-heren","11":"product_cat-leren-bikerjacks-heren","12":"product_cat-leren-heren-jas","13":"product_cat-leren-heren-jassen","14":"product_cat-leren-jas-heren","15":"product_cat-leren-jassen","16":"product_cat-leren-jassen-heren-uitverkoop","17":"product_cat-leren-jassen-heren","18":"product_cat-versano","19":"product_tag-biker-jas-heren-echt-leer","20":"product_tag-bikerjack-heren-cognac","21":"product_tag-cognac-biker-jas-heren","22":"product_tag-echt-leer-biker-jas","23":"product_tag-goedkope-leren-jas-heren","24":"product_tag-heren-bikerjack-cognac","25":"product_tag-heren-jas-leder-cognac","26":"product_tag-heren-motorjack-cognac","27":"product_tag-lamsleer-heren-jas","28":"product_tag-leren-heren-jas-sale","29":"product_tag-motorjacks-heren","30":"product_tag-online-heren-bikerjacks","31":"product_tag-stoer-jasje-heren","32":"product_tag-uitverkoop-heren-leren-jas","33":"product_tag-versano-heren-collectie","34":"product_tag-versano-leren-jassen","35":"product_tag-zomerjassen-heren","36":"tm-no-options","38":"first","39":"instock","40":"sale","41":"taxable","42":"shipping-taxable","43":"purchasable","44":"product-type-variable","45":"has-default-attributes"},"yoast_head":"<!-- This site is optimized with the Yoast SEO plugin v27.2 - https:\/\/yoast.com\/product\/yoast-seo-wordpress\/ -->\n<title>Leren biker jas heren cognac TR50 Versano, biker jas cognac<\/title>\n<meta name=\"description\" content=\"Op zoek naar een Leren biker jas heren cognac TR50 Versano? Dan bent u bij het bekende jassenmerk Versano aan het juiste adres.\" \/>\n<meta name=\"robots\" content=\"index, follow, max-snippet:-1, max-image-preview:large, max-video-preview:-1\" \/>\n<link rel=\"canonical\" href=\"https:\/\/versano.nl\/de\/shop\/leren-jas-heren-versano-tr50-cognac\/\" \/>\n<meta property=\"og:locale\" content=\"de_DE\" \/>\n<meta property=\"og:type\" content=\"article\" \/>\n<meta property=\"og:title\" content=\"Leren biker jas heren cognac TR50 Versano, biker jas cognac\" \/>\n<meta property=\"og:description\" content=\"Op zoek naar een Leren biker jas heren cognac TR50 Versano? Dan bent u bij het bekende jassenmerk Versano aan het juiste adres.\" \/>\n<meta property=\"og:url\" content=\"https:\/\/versano.nl\/de\/shop\/leren-jas-heren-versano-tr50-cognac\/\" \/>\n<meta property=\"og:site_name\" content=\"Versano\" \/>\n<meta property=\"article:modified_time\" content=\"2024-08-20T19:35:26+00:00\" \/>\n<meta property=\"og:image\" content=\"https:\/\/versano.nl\/wp-content\/uploads\/2019\/11\/heren-bikerjack-cognac-schuine-ritsversano-tr50-1.jpg\" \/>\n\t<meta property=\"og:image:width\" content=\"900\" \/>\n\t<meta property=\"og:image:height\" content=\"1176\" \/>\n\t<meta property=\"og:image:type\" content=\"image\/jpeg\" \/>\n<meta name=\"twitter:card\" content=\"summary_large_image\" \/>\n<meta name=\"twitter:label1\" content=\"Gesch\u00e4tzte Lesezeit\" \/>\n\t<meta name=\"twitter:data1\" content=\"2\u00a0Minuten\" \/>\n<script type=\"application\/ld+json\" class=\"yoast-schema-graph\">{\"@context\":\"https:\/\/schema.org\",\"@graph\":[{\"@type\":\"WebPage\",\"@id\":\"https:\/\/versano.nl\/shop\/leren-jas-heren-versano-tr50-cognac\/\",\"url\":\"https:\/\/versano.nl\/shop\/leren-jas-heren-versano-tr50-cognac\/\",\"name\":\"Leren biker jas heren cognac TR50 Versano, biker jas cognac\",\"isPartOf\":{\"@id\":\"https:\/\/versano.nl\/#website\"},\"primaryImageOfPage\":{\"@id\":\"https:\/\/versano.nl\/shop\/leren-jas-heren-versano-tr50-cognac\/#primaryimage\"},\"image\":{\"@id\":\"https:\/\/versano.nl\/shop\/leren-jas-heren-versano-tr50-cognac\/#primaryimage\"},\"thumbnailUrl\":\"https:\/\/versano.nl\/wp-content\/uploads\/2019\/11\/heren-bikerjack-cognac-schuine-ritsversano-tr50-1.jpg\",\"datePublished\":\"2016-04-07T14:52:47+00:00\",\"dateModified\":\"2024-08-20T19:35:26+00:00\",\"description\":\"Op zoek naar een Leren biker jas heren cognac TR50 Versano? Dan bent u bij het bekende jassenmerk Versano aan het juiste adres.\",\"breadcrumb\":{\"@id\":\"https:\/\/versano.nl\/shop\/leren-jas-heren-versano-tr50-cognac\/#breadcrumb\"},\"inLanguage\":\"de\",\"potentialAction\":[{\"@type\":\"ReadAction\",\"target\":[\"https:\/\/versano.nl\/shop\/leren-jas-heren-versano-tr50-cognac\/\"]}]},{\"@type\":\"ImageObject\",\"inLanguage\":\"de\",\"@id\":\"https:\/\/versano.nl\/shop\/leren-jas-heren-versano-tr50-cognac\/#primaryimage\",\"url\":\"https:\/\/versano.nl\/wp-content\/uploads\/2019\/11\/heren-bikerjack-cognac-schuine-ritsversano-tr50-1.jpg\",\"contentUrl\":\"https:\/\/versano.nl\/wp-content\/uploads\/2019\/11\/heren-bikerjack-cognac-schuine-ritsversano-tr50-1.jpg\",\"width\":900,\"height\":1176,\"caption\":\"Leren biker jas heren cognac TR50 Versano\"},{\"@type\":\"BreadcrumbList\",\"@id\":\"https:\/\/versano.nl\/shop\/leren-jas-heren-versano-tr50-cognac\/#breadcrumb\",\"itemListElement\":[{\"@type\":\"ListItem\",\"position\":1,\"name\":\"Home\",\"item\":\"https:\/\/versano.nl\/\"},{\"@type\":\"ListItem\",\"position\":2,\"name\":\"Shop\",\"item\":\"https:\/\/versano.nl\/shop\/\"},{\"@type\":\"ListItem\",\"position\":3,\"name\":\"Leren biker jas heren cognac TR50 Versano\"}]},{\"@type\":\"WebSite\",\"@id\":\"https:\/\/versano.nl\/#website\",\"url\":\"https:\/\/versano.nl\/\",\"name\":\"Versano\",\"description\":\"winterjassen met bontkraag | leren dames jassen | leren heren jassen\",\"potentialAction\":[{\"@type\":\"SearchAction\",\"target\":{\"@type\":\"EntryPoint\",\"urlTemplate\":\"https:\/\/versano.nl\/?s={search_term_string}\"},\"query-input\":{\"@type\":\"PropertyValueSpecification\",\"valueRequired\":true,\"valueName\":\"search_term_string\"}}],\"inLanguage\":\"de\"}]}<\/script>\n<!-- \/ Yoast SEO plugin. -->","yoast_head_json":{"title":"Leder Bikerjacke Herren cognac TR50 Versano, Bikerjacke cognac","description":"Suchen Sie eine Leder Bikerjacke Herren cognac TR50 Versano? Dann sind Sie bei der bekannten Jackenmarke Versano genau richtig.","robots":{"index":"index","follow":"follow","max-snippet":"max-snippet:-1","max-image-preview":"max-image-preview:large","max-video-preview":"max-video-preview:-1"},"canonical":"https:\/\/versano.nl\/de\/shop\/leren-jas-heren-versano-tr50-cognac\/","og_locale":"de_DE","og_type":"article","og_title":"Leren biker jas heren cognac TR50 Versano, biker jas cognac","og_description":"Op zoek naar een Leren biker jas heren cognac TR50 Versano? Dan bent u bij het bekende jassenmerk Versano aan het juiste adres.","og_url":"https:\/\/versano.nl\/de\/shop\/leren-jas-heren-versano-tr50-cognac\/","og_site_name":"Versano","article_modified_time":"2024-08-20T19:35:26+00:00","og_image":[{"width":900,"height":1176,"url":"https:\/\/versano.nl\/wp-content\/uploads\/2019\/11\/heren-bikerjack-cognac-schuine-ritsversano-tr50-1.jpg","type":"image\/jpeg"}],"twitter_card":"summary_large_image","twitter_misc":{"Gesch\u00e4tzte Lesezeit":"2\u00a0Minuten"},"schema":{"@context":"https:\/\/schema.org","@graph":[{"@type":"WebPage","@id":"https:\/\/versano.nl\/shop\/leren-jas-heren-versano-tr50-cognac\/","url":"https:\/\/versano.nl\/shop\/leren-jas-heren-versano-tr50-cognac\/","name":"Leder Bikerjacke Herren cognac TR50 Versano, Bikerjacke cognac","isPartOf":{"@id":"https:\/\/versano.nl\/#website"},"primaryImageOfPage":{"@id":"https:\/\/versano.nl\/shop\/leren-jas-heren-versano-tr50-cognac\/#primaryimage"},"image":{"@id":"https:\/\/versano.nl\/shop\/leren-jas-heren-versano-tr50-cognac\/#primaryimage"},"thumbnailUrl":"https:\/\/versano.nl\/wp-content\/uploads\/2019\/11\/heren-bikerjack-cognac-schuine-ritsversano-tr50-1.jpg","datePublished":"2016-04-07T14:52:47+00:00","dateModified":"2024-08-20T19:35:26+00:00","description":"Suchen Sie eine Leder Bikerjacke Herren cognac TR50 Versano? Dann sind Sie bei der bekannten Jackenmarke Versano genau richtig.","breadcrumb":{"@id":"https:\/\/versano.nl\/shop\/leren-jas-heren-versano-tr50-cognac\/#breadcrumb"},"inLanguage":"de","potentialAction":[{"@type":"ReadAction","target":["https:\/\/versano.nl\/shop\/leren-jas-heren-versano-tr50-cognac\/"]}]},{"@type":"ImageObject","inLanguage":"de","@id":"https:\/\/versano.nl\/shop\/leren-jas-heren-versano-tr50-cognac\/#primaryimage","url":"https:\/\/versano.nl\/wp-content\/uploads\/2019\/11\/heren-bikerjack-cognac-schuine-ritsversano-tr50-1.jpg","contentUrl":"https:\/\/versano.nl\/wp-content\/uploads\/2019\/11\/heren-bikerjack-cognac-schuine-ritsversano-tr50-1.jpg","width":900,"height":1176,"caption":"Leren biker jas heren cognac TR50 Versano"},{"@type":"BreadcrumbList","@id":"https:\/\/versano.nl\/shop\/leren-jas-heren-versano-tr50-cognac\/#breadcrumb","itemListElement":[{"@type":"ListItem","position":1,"name":"Home","item":"https:\/\/versano.nl\/"},{"@type":"ListItem","position":2,"name":"Shop","item":"https:\/\/versano.nl\/shop\/"},{"@type":"ListItem","position":3,"name":"Leren biker jas heren cognac TR50 Versano"}]},{"@type":"WebSite","@id":"https:\/\/versano.nl\/#website","url":"https:\/\/versano.nl\/","name":"Versano","description":"Winterm\u00e4ntel mit Pelzkragen | Damen Lederjacken | Herren Lederjacken","potentialAction":[{"@type":"SearchAction","target":{"@type":"EntryPoint","urlTemplate":"https:\/\/versano.nl\/?s={search_term_string}"},"query-input":{"@type":"PropertyValueSpecification","valueRequired":true,"valueName":"search_term_string"}}],"inLanguage":"de"}]}},"_links":{"self":[{"href":"https:\/\/versano.nl\/de\/wp-json\/wp\/v2\/product\/11330","targetHints":{"allow":["GET"]}}],"collection":[{"href":"https:\/\/versano.nl\/de\/wp-json\/wp\/v2\/product"}],"about":[{"href":"https:\/\/versano.nl\/de\/wp-json\/wp\/v2\/types\/product"}],"replies":[{"embeddable":true,"href":"https:\/\/versano.nl\/de\/wp-json\/wp\/v2\/comments?post=11330"}],"wp:featuredmedia":[{"embeddable":true,"href":"https:\/\/versano.nl\/de\/wp-json\/wp\/v2\/media\/13898"}],"wp:attachment":[{"href":"https:\/\/versano.nl\/de\/wp-json\/wp\/v2\/media?parent=11330"}],"wp:term":[{"taxonomy":"product_brand","embeddable":true,"href":"https:\/\/versano.nl\/de\/wp-json\/wp\/v2\/product_brand?post=11330"},{"taxonomy":"product_cat","embeddable":true,"href":"https:\/\/versano.nl\/de\/wp-json\/wp\/v2\/product_cat?post=11330"},{"taxonomy":"product_tag","embeddable":true,"href":"https:\/\/versano.nl\/de\/wp-json\/wp\/v2\/product_tag?post=11330"}],"curies":[{"name":"wp","href":"https:\/\/api.w.org\/{rel}","templated":true}]}}