{"id":11095,"date":"2019-02-02T19:42:43","date_gmt":"2019-02-02T19:42:43","guid":{"rendered":"https:\/\/leathershopdoci.nl\/?post_type=product&#038;p=18471"},"modified":"2025-03-04T02:56:32","modified_gmt":"2025-03-04T02:56:32","slug":"heren-bomber-jas-van-imitatieleer-zwart-trr-48-versano","status":"publish","type":"product","link":"https:\/\/versano.nl\/de\/shop\/heren-bomber-jas-van-imitatieleer-zwart-trr-48-versano\/","title":{"rendered":"Herren Bomberjacke aus Kunstleder schwarz TRR 48 Versano"},"content":{"rendered":"<h2>Herren Bomberjacke aus Kunstleder schwarz TRR 48 Versano<\/h2>\n<p>Bomberjacken waren schon immer Teil der Modeszene, aber in letzter Zeit sieht man diese Herren Pilotenjacken immer h\u00e4ufiger. Mit der Herren Bomberjacke aus Kunstleder schwarz TRR 48 Versano bekommst du eine sch\u00f6ne Basicjacke, die du zu jeder Jahreszeit tragen kannst. Dieses robuste Modell ist komplett aus geschmeidigem Lederimitat gefertigt und hat den typischen Biker-Look an den Schultern. Durch die perfekte Passform sitzt diese Jacke wie angegossen. Die Jacke ist mit 2 Rei\u00dfverschlusstaschen ausgestattet und an \u00c4rmeln, Stehkragen und der Taille gerippt. Mit dieser Jacke kannst du dir sicher sein, dass dir schon bald eine neue Jacke um die Schultern h\u00e4ngt, in der du zu sehen bist. Wir empfehlen Ihnen daher, diese Jacke einfach bei uns zu bestellen und sicher zu sein, dass Sie eine sch\u00f6ne neue Jacke erworben haben. M\u00f6chten Sie mehr \u00fcber dieses Produkt erfahren? Dann empfehlen wir Ihnen, einfach eine E-Mail an Versano zu senden.<\/p>\n<h2>Modell TRR 48 in schwarz bestellen<\/h2>\n<p>Mit einer so sch\u00f6nen Jacke von Versano k\u00f6nnen Sie sicher sein, dass Sie sie den ganzen Winter \u00fcber tragen k\u00f6nnen. Dieses Modell k\u00f6nnen Sie ganz einfach im Versano Webshop bestellen. Hier haben wir alle unsere Jacken f\u00fcr Sie zusammengestellt, damit Sie ganz einfach eine Bestellung aufgeben k\u00f6nnen. Bei Versano k\u00f6nnen Sie sich immer sicher sein, einen sch\u00f6nen und sorgf\u00e4ltig verarbeiteten Mantel zu kaufen. Bei uns k\u00f6nnen Sie ganz einfach die richtige Gr\u00f6\u00dfe anhand unserer smarten Anleitungsvideos ausw\u00e4hlen. Haben Sie Fragen oder sind Sie sich nicht sicher, welche Gr\u00f6\u00dfe Sie bestellen sollen? Dann k\u00f6nnen Sie uns jederzeit per Mail oder WhatsApp kontaktieren. Unsere Mitarbeiter m\u00f6chten Ihnen helfen!<\/p>\n<p><a href=\"https:\/\/versano.nl\/\">Versano<\/a><br \/>\nMaterial: 100% PU<br \/>\nFutter: 100% Polyester<br \/>\nL\u00e4nge: kurz<br \/>\nPassform: schmale Passform<br \/>\nSchlie\u00dfung: Rei\u00dfverschluss<br \/>\nTaschen: RV-Taschen<br \/>\nKragen: Stehkragen<br \/>\nMaterial Au\u00dfenschicht: Sehr hohe Qualit\u00e4t und Weichleder<br \/>\nLieferzeit: 2-3 Werktage<\/p>","protected":false},"excerpt":{"rendered":"<p style=\"margin: 0cm 0cm 11.25pt 0cm;\"><span style=\"font-family: 'Arial',sans-serif; color: red;\">Fit Beratung:\u00a0<\/span><span style=\"font-family: 'Arial',sans-serif;\">Die Passform dieser Jacke ist schmal geschnitten. Unser Model ist 1,75 cm gro\u00df und tr\u00e4gt Gr\u00f6\u00dfe M.<\/span><\/p>\n<p style=\"margin: 0cm 0cm 11.25pt 0cm;\"><span style=\"font-family: 'Arial',sans-serif;\">Wenn Sie sich bei Ihren Ma\u00dfen nicht sicher sind, empfehlen wir Ihnen, zuerst Ihre Gr\u00f6\u00dfenma\u00dfe zu messen und sie mit unserer Gr\u00f6\u00dfentabelle zu vergleichen. Wenn Sie keine Erfahrung mit der Messung von Umfangsgr\u00f6\u00dfen haben, klicken Sie auf\u00a0<\/span><a href=\"https:\/\/www.youtube.com\/watch?v=3ZSfY87v6pM\"><em><span style=\"font-family: 'Arial',sans-serif; color: windowtext; text-decoration: none; text-underline: none;\">HIER<\/span><\/em><span style=\"font-family: 'Arial',sans-serif; color: windowtext; text-decoration: none; text-underline: none;\">\u00a0<\/span><\/a><span style=\"font-family: 'Arial',sans-serif;\">\u00a0zu\u00a0<\/span><a href=\"https:\/\/www.youtube.com\/watch?v=3ZSfY87v6pM\"><em><span style=\"font-family: 'Arial',sans-serif; color: red; text-decoration: none; text-underline: none;\">VIDEO<\/span><\/em><\/a><span style=\"font-family: 'Arial',sans-serif;\">\u00a0 mit Anweisungen. Sie k\u00f6nnen uns auch direkt anrufen oder anrufen! Unsere Mitarbeiter stehen Ihnen jederzeit zur Verf\u00fcgung.<\/span><\/p>\n<p style=\"margin: 0cm;\"><strong><span style=\"font-family: 'Arial',sans-serif;\">LIEFERZEIT :<\/span><\/strong><span style=\"font-family: 'Arial',sans-serif;\">\u00a02 bis 3 Werktage.<\/span><\/p>","protected":false},"featured_media":20748,"comment_status":"open","ping_status":"closed","template":"","meta":[],"product_brand":[],"product_cat":[1672,734,923,15,16,732,882],"product_tag":[1987,1015,1016,1971,1017,1953,1018,1983,1716,1990,1991,1856,1989,1986,1019,1988,1020],"class_list":{"0":"post-11095","1":"product","2":"type-product","3":"status-publish","4":"has-post-thumbnail","6":"product_cat-biker-jas-heren","7":"product_cat-heren-leatherlook-jassen-lederlook-jassen","8":"product_cat-imitatie-leren-jas","9":"product_cat-imitatieleren-jassen","10":"product_cat-imitatieleren-jassen-heren","11":"product_cat-leatherlook-jassen","12":"product_cat-versano","13":"product_tag-bomber-jas-van-imitatie-leer-heren","14":"product_tag-bomberjack-heren","15":"product_tag-heren-bomberjack-zwart","16":"product_tag-imitatie-leren-heren-jas-kopen","17":"product_tag-leren-heren-bomberjack","18":"product_tag-online-heren-imitatie-leren-jas-kopen","19":"product_tag-piloten-bomberjack","20":"product_tag-piloten-jas-heren","21":"product_tag-versano-heren-collectie","22":"product_tag-versano-heren-zomerjas","23":"product_tag-versano-jas-in-sale","24":"product_tag-versano-uitverkoop","25":"product_tag-zomerjas-voor-heren","26":"product_tag-zwarte-bomber-jas-heren","27":"product_tag-zwarte-bomberjack","28":"product_tag-zwarte-imitatie-leren-heren-jas","29":"product_tag-zwarte-leren-bomberjack","30":"product_shipping_class-verzendkosten-1","31":"tm-no-options","33":"first","34":"outofstock","35":"taxable","36":"shipping-taxable","37":"purchasable","38":"product-type-variable"},"yoast_head":"<!-- This site is optimized with the Yoast SEO plugin v27.2 - https:\/\/yoast.com\/product\/yoast-seo-wordpress\/ -->\n<title>heren bomber jas van imitatieleer zwart TRR 48 Versano<\/title>\n<meta name=\"description\" content=\"Bent u op zoek naar een heren bomber jas van imitatieleer zwart TRR 48 Versano? Dan bent u in de webshop van Versano aan het juist adres.\" \/>\n<meta name=\"robots\" content=\"index, follow, max-snippet:-1, max-image-preview:large, max-video-preview:-1\" \/>\n<link rel=\"canonical\" href=\"https:\/\/versano.nl\/de\/shop\/heren-bomber-jas-van-imitatieleer-zwart-trr-48-versano\/\" \/>\n<meta property=\"og:locale\" content=\"de_DE\" \/>\n<meta property=\"og:type\" content=\"article\" \/>\n<meta property=\"og:title\" content=\"heren bomber jas van imitatieleer zwart TRR 48 Versano\" \/>\n<meta property=\"og:description\" content=\"Bent u op zoek naar een heren bomber jas van imitatieleer zwart TRR 48 Versano? Dan bent u in de webshop van Versano aan het juist adres.\" \/>\n<meta property=\"og:url\" content=\"https:\/\/versano.nl\/de\/shop\/heren-bomber-jas-van-imitatieleer-zwart-trr-48-versano\/\" \/>\n<meta property=\"og:site_name\" content=\"Versano\" \/>\n<meta property=\"article:modified_time\" content=\"2025-03-04T02:56:32+00:00\" \/>\n<meta property=\"og:image\" content=\"https:\/\/versano.nl\/wp-content\/uploads\/2018\/06\/heren-bomberjack-leer-zwart-versano-tr48-model-voorkant3.jpg\" \/>\n\t<meta property=\"og:image:width\" content=\"900\" \/>\n\t<meta property=\"og:image:height\" content=\"1176\" \/>\n\t<meta property=\"og:image:type\" content=\"image\/jpeg\" \/>\n<meta name=\"twitter:card\" content=\"summary_large_image\" \/>\n<meta name=\"twitter:label1\" content=\"Gesch\u00e4tzte Lesezeit\" \/>\n\t<meta name=\"twitter:data1\" content=\"2\u00a0Minuten\" \/>\n<script type=\"application\/ld+json\" class=\"yoast-schema-graph\">{\"@context\":\"https:\/\/schema.org\",\"@graph\":[{\"@type\":\"WebPage\",\"@id\":\"https:\/\/versano.nl\/shop\/heren-bomber-jas-van-imitatieleer-zwart-trr-48-versano\/\",\"url\":\"https:\/\/versano.nl\/shop\/heren-bomber-jas-van-imitatieleer-zwart-trr-48-versano\/\",\"name\":\"heren bomber jas van imitatieleer zwart TRR 48 Versano\",\"isPartOf\":{\"@id\":\"https:\/\/versano.nl\/#website\"},\"primaryImageOfPage\":{\"@id\":\"https:\/\/versano.nl\/shop\/heren-bomber-jas-van-imitatieleer-zwart-trr-48-versano\/#primaryimage\"},\"image\":{\"@id\":\"https:\/\/versano.nl\/shop\/heren-bomber-jas-van-imitatieleer-zwart-trr-48-versano\/#primaryimage\"},\"thumbnailUrl\":\"https:\/\/versano.nl\/wp-content\/uploads\/2018\/06\/heren-bomberjack-leer-zwart-versano-tr48-model-voorkant3.jpg\",\"datePublished\":\"2019-02-02T19:42:43+00:00\",\"dateModified\":\"2025-03-04T02:56:32+00:00\",\"description\":\"Bent u op zoek naar een heren bomber jas van imitatieleer zwart TRR 48 Versano? Dan bent u in de webshop van Versano aan het juist adres.\",\"breadcrumb\":{\"@id\":\"https:\/\/versano.nl\/shop\/heren-bomber-jas-van-imitatieleer-zwart-trr-48-versano\/#breadcrumb\"},\"inLanguage\":\"de\",\"potentialAction\":[{\"@type\":\"ReadAction\",\"target\":[\"https:\/\/versano.nl\/shop\/heren-bomber-jas-van-imitatieleer-zwart-trr-48-versano\/\"]}]},{\"@type\":\"ImageObject\",\"inLanguage\":\"de\",\"@id\":\"https:\/\/versano.nl\/shop\/heren-bomber-jas-van-imitatieleer-zwart-trr-48-versano\/#primaryimage\",\"url\":\"https:\/\/versano.nl\/wp-content\/uploads\/2018\/06\/heren-bomberjack-leer-zwart-versano-tr48-model-voorkant3.jpg\",\"contentUrl\":\"https:\/\/versano.nl\/wp-content\/uploads\/2018\/06\/heren-bomberjack-leer-zwart-versano-tr48-model-voorkant3.jpg\",\"width\":900,\"height\":1176,\"caption\":\"heren-bomberjack-leer-zwart-versano-tr48\"},{\"@type\":\"BreadcrumbList\",\"@id\":\"https:\/\/versano.nl\/shop\/heren-bomber-jas-van-imitatieleer-zwart-trr-48-versano\/#breadcrumb\",\"itemListElement\":[{\"@type\":\"ListItem\",\"position\":1,\"name\":\"Home\",\"item\":\"https:\/\/versano.nl\/\"},{\"@type\":\"ListItem\",\"position\":2,\"name\":\"Shop\",\"item\":\"https:\/\/versano.nl\/shop\/\"},{\"@type\":\"ListItem\",\"position\":3,\"name\":\"heren bomber jas van imitatieleer zwart TRR 48 Versano\"}]},{\"@type\":\"WebSite\",\"@id\":\"https:\/\/versano.nl\/#website\",\"url\":\"https:\/\/versano.nl\/\",\"name\":\"Versano\",\"description\":\"winterjassen met bontkraag | leren dames jassen | leren heren jassen\",\"potentialAction\":[{\"@type\":\"SearchAction\",\"target\":{\"@type\":\"EntryPoint\",\"urlTemplate\":\"https:\/\/versano.nl\/?s={search_term_string}\"},\"query-input\":{\"@type\":\"PropertyValueSpecification\",\"valueRequired\":true,\"valueName\":\"search_term_string\"}}],\"inLanguage\":\"de\"}]}<\/script>\n<!-- \/ Yoast SEO plugin. -->","yoast_head_json":{"title":"Herren Bomberjacke aus Kunstleder schwarz TRR 48 Versano","description":"Suchen Sie eine Herren Bomberjacke aus Kunstleder schwarz TRR 48 Versano? Dann sind Sie im Versano Webshop genau richtig.","robots":{"index":"index","follow":"follow","max-snippet":"max-snippet:-1","max-image-preview":"max-image-preview:large","max-video-preview":"max-video-preview:-1"},"canonical":"https:\/\/versano.nl\/de\/shop\/heren-bomber-jas-van-imitatieleer-zwart-trr-48-versano\/","og_locale":"de_DE","og_type":"article","og_title":"heren bomber jas van imitatieleer zwart TRR 48 Versano","og_description":"Bent u op zoek naar een heren bomber jas van imitatieleer zwart TRR 48 Versano? Dan bent u in de webshop van Versano aan het juist adres.","og_url":"https:\/\/versano.nl\/de\/shop\/heren-bomber-jas-van-imitatieleer-zwart-trr-48-versano\/","og_site_name":"Versano","article_modified_time":"2025-03-04T02:56:32+00:00","og_image":[{"width":900,"height":1176,"url":"https:\/\/versano.nl\/wp-content\/uploads\/2018\/06\/heren-bomberjack-leer-zwart-versano-tr48-model-voorkant3.jpg","type":"image\/jpeg"}],"twitter_card":"summary_large_image","twitter_misc":{"Gesch\u00e4tzte Lesezeit":"2\u00a0Minuten"},"schema":{"@context":"https:\/\/schema.org","@graph":[{"@type":"WebPage","@id":"https:\/\/versano.nl\/shop\/heren-bomber-jas-van-imitatieleer-zwart-trr-48-versano\/","url":"https:\/\/versano.nl\/shop\/heren-bomber-jas-van-imitatieleer-zwart-trr-48-versano\/","name":"Herren Bomberjacke aus Kunstleder schwarz TRR 48 Versano","isPartOf":{"@id":"https:\/\/versano.nl\/#website"},"primaryImageOfPage":{"@id":"https:\/\/versano.nl\/shop\/heren-bomber-jas-van-imitatieleer-zwart-trr-48-versano\/#primaryimage"},"image":{"@id":"https:\/\/versano.nl\/shop\/heren-bomber-jas-van-imitatieleer-zwart-trr-48-versano\/#primaryimage"},"thumbnailUrl":"https:\/\/versano.nl\/wp-content\/uploads\/2018\/06\/heren-bomberjack-leer-zwart-versano-tr48-model-voorkant3.jpg","datePublished":"2019-02-02T19:42:43+00:00","dateModified":"2025-03-04T02:56:32+00:00","description":"Suchen Sie eine Herren Bomberjacke aus Kunstleder schwarz TRR 48 Versano? Dann sind Sie im Versano Webshop genau richtig.","breadcrumb":{"@id":"https:\/\/versano.nl\/shop\/heren-bomber-jas-van-imitatieleer-zwart-trr-48-versano\/#breadcrumb"},"inLanguage":"de","potentialAction":[{"@type":"ReadAction","target":["https:\/\/versano.nl\/shop\/heren-bomber-jas-van-imitatieleer-zwart-trr-48-versano\/"]}]},{"@type":"ImageObject","inLanguage":"de","@id":"https:\/\/versano.nl\/shop\/heren-bomber-jas-van-imitatieleer-zwart-trr-48-versano\/#primaryimage","url":"https:\/\/versano.nl\/wp-content\/uploads\/2018\/06\/heren-bomberjack-leer-zwart-versano-tr48-model-voorkant3.jpg","contentUrl":"https:\/\/versano.nl\/wp-content\/uploads\/2018\/06\/heren-bomberjack-leer-zwart-versano-tr48-model-voorkant3.jpg","width":900,"height":1176,"caption":"heren-bomberjack-leer-zwart-versano-tr48"},{"@type":"BreadcrumbList","@id":"https:\/\/versano.nl\/shop\/heren-bomber-jas-van-imitatieleer-zwart-trr-48-versano\/#breadcrumb","itemListElement":[{"@type":"ListItem","position":1,"name":"Home","item":"https:\/\/versano.nl\/"},{"@type":"ListItem","position":2,"name":"Shop","item":"https:\/\/versano.nl\/shop\/"},{"@type":"ListItem","position":3,"name":"heren bomber jas van imitatieleer zwart TRR 48 Versano"}]},{"@type":"WebSite","@id":"https:\/\/versano.nl\/#website","url":"https:\/\/versano.nl\/","name":"Versano","description":"Winterm\u00e4ntel mit Pelzkragen | Damen Lederjacken | Herren Lederjacken","potentialAction":[{"@type":"SearchAction","target":{"@type":"EntryPoint","urlTemplate":"https:\/\/versano.nl\/?s={search_term_string}"},"query-input":{"@type":"PropertyValueSpecification","valueRequired":true,"valueName":"search_term_string"}}],"inLanguage":"de"}]}},"_links":{"self":[{"href":"https:\/\/versano.nl\/de\/wp-json\/wp\/v2\/product\/11095","targetHints":{"allow":["GET"]}}],"collection":[{"href":"https:\/\/versano.nl\/de\/wp-json\/wp\/v2\/product"}],"about":[{"href":"https:\/\/versano.nl\/de\/wp-json\/wp\/v2\/types\/product"}],"replies":[{"embeddable":true,"href":"https:\/\/versano.nl\/de\/wp-json\/wp\/v2\/comments?post=11095"}],"wp:featuredmedia":[{"embeddable":true,"href":"https:\/\/versano.nl\/de\/wp-json\/wp\/v2\/media\/20748"}],"wp:attachment":[{"href":"https:\/\/versano.nl\/de\/wp-json\/wp\/v2\/media?parent=11095"}],"wp:term":[{"taxonomy":"product_brand","embeddable":true,"href":"https:\/\/versano.nl\/de\/wp-json\/wp\/v2\/product_brand?post=11095"},{"taxonomy":"product_cat","embeddable":true,"href":"https:\/\/versano.nl\/de\/wp-json\/wp\/v2\/product_cat?post=11095"},{"taxonomy":"product_tag","embeddable":true,"href":"https:\/\/versano.nl\/de\/wp-json\/wp\/v2\/product_tag?post=11095"}],"curies":[{"name":"wp","href":"https:\/\/api.w.org\/{rel}","templated":true}]}}