{"id":7,"date":"2017-05-05T02:42:23","date_gmt":"2017-05-05T02:42:23","guid":{"rendered":"https:\/\/leathershopdoci.nl\/versano\/?page_id=7"},"modified":"2021-11-24T19:27:11","modified_gmt":"2021-11-24T19:27:11","slug":"contact","status":"publish","type":"page","link":"https:\/\/versano.nl\/de\/contact\/","title":{"rendered":"H\u00e4ufig gestellte Fragen"},"content":{"rendered":"<div class=\"wpb-content-wrapper\"><div  class=\"sec_row container\"><div class=\"vc_row wpb_row vc_row-fluid\"><div class=\"wpb_column vc_column_container vc_col-sm-12 et-dark-column\"><div class=\"vc_column-inner\"><div class=\"wpb_wrapper\"><div class=\"vc_tta-container\" data-vc-action=\"collapse\"><div class=\"vc_general vc_tta vc_tta-accordion vc_tta-o-shape-group vc_tta-controls-align-default\"><div class=\"vc_tta-panels-container\"><div class=\"vc_tta-panels\"><div class=\"vc_tta-panel vc_active\" id=\"1615729175291-d880ea8b-de6b\" data-vc-content=\".vc_tta-panel-body\"><div class=\"vc_tta-panel-heading\"><h4 class=\"vc_tta-panel-title vc_tta-controls-icon-position-left\"><a href=\"#1615729175291-d880ea8b-de6b\" data-vc-accordion data-vc-container=\".vc_tta-container\"><span class=\"vc_tta-title-text\">Ich m\u00f6chte den Status meiner Bestellung \u00fcber das Track&amp;Trace \u00fcberpr\u00fcfen, wo finde ich das Track&amp;Trace?<\/span><i class=\"vc_tta-controls-icon vc_tta-controls-icon-plus\"><\/i><\/a><\/h4><\/div><div class=\"vc_tta-panel-body\">\n\t<div class=\"wpb_text_column wpb_content_element\" >\n\t\t<div class=\"wpb_wrapper\">\n\t\t\t<p>Sobald das Paket bei PostNL gescannt wurde, erhalten Sie von uns am Abend eine E-Mail mit einem Track &amp; Trace-Code, um Ihre Sendung zu verfolgen. Die Bestellung kann auch mit dem Track&amp;Trace-Button in Ihrem Konto auf der Website verfolgt werden. Auf unserer Website k\u00f6nnen Sie ganz einfach ein Konto erstellen.<\/p>\n<div id=\"gtx-trans\" style=\"position: absolute; left: -37px; top: 38px;\">\n<div class=\"gtx-trans-icon\"><\/div>\n<\/div>\n\n\t\t<\/div>\n\t<\/div>\n<\/div><\/div><div class=\"vc_tta-panel\" id=\"1615729383248-2802d0a5-e307\" data-vc-content=\".vc_tta-panel-body\"><div class=\"vc_tta-panel-heading\"><h4 class=\"vc_tta-panel-title vc_tta-controls-icon-position-left\"><a href=\"#1615729383248-2802d0a5-e307\" data-vc-accordion data-vc-container=\".vc_tta-container\"><span class=\"vc_tta-title-text\">Ich m\u00f6chte meine Bestellung gegen eine andere Gr\u00f6\u00dfe umtauschen, wie kann ich das arrangieren?<\/span><i class=\"vc_tta-controls-icon vc_tta-controls-icon-plus\"><\/i><\/a><\/h4><\/div><div class=\"vc_tta-panel-body\">\n\t<div class=\"wpb_text_column wpb_content_element\" >\n\t\t<div class=\"wpb_wrapper\">\n\t\t\t<p>1. Sie k\u00f6nnen das Produkt zur\u00fcckgeben und erneut bestellen. So k\u00f6nnen Sie sicher sein, dass Ihre Wunschgr\u00f6\u00dfe noch vorr\u00e4tig ist.<\/p>\n<p>2. Wir haben Ihrer Bestellung ein R\u00fccksende-\/Umtauschformular zugesandt. Sie k\u00f6nnen dieses Formular mit den erforderlichen Informationen zu Ihrem Umtausch ausf\u00fcllen und mit dem Produkt an unsere Adresse zur\u00fccksenden. Sobald wir Ihr Paket erhalten haben, werden wir den Umtausch schnellstm\u00f6glich bearbeiten und zur\u00fccksenden. Bitte beachten Sie, dass ein geringes Risiko besteht, dass die gew\u00fcnschte Gr\u00f6\u00dfe nicht mehr auf Lager ist. In diesem Fall erstatten wir Ihnen den Kaufbetrag Ihrer Bestellung auf Ihr Konto zur\u00fcck.<\/p>\n\n\t\t<\/div>\n\t<\/div>\n<\/div><\/div><div class=\"vc_tta-panel\" id=\"1615729689542-4f429bec-dbe5\" data-vc-content=\".vc_tta-panel-body\"><div class=\"vc_tta-panel-heading\"><h4 class=\"vc_tta-panel-title vc_tta-controls-icon-position-left\"><a href=\"#1615729689542-4f429bec-dbe5\" data-vc-accordion data-vc-container=\".vc_tta-container\"><span class=\"vc_tta-title-text\">Ich m\u00f6chte meine Bestellung zur\u00fccksenden, wie kann ich das tun?<\/span><i class=\"vc_tta-controls-icon vc_tta-controls-icon-plus\"><\/i><\/a><\/h4><\/div><div class=\"vc_tta-panel-body\">\n\t<div class=\"wpb_text_column wpb_content_element\" >\n\t\t<div class=\"wpb_wrapper\">\n\t\t\t<p>Sie k\u00f6nnen Ihre Bestellung ganz einfach zur\u00fccksenden, indem Sie die folgenden Schritte ausf\u00fchren.<\/p>\n<p>1. Pr\u00fcfen Sie, ob Ihre R\u00fccksendung unseren R\u00fcckgabebedingungen entspricht.<\/p>\n<p>2. F\u00fcllen Sie das R\u00fccksendeformular aus, das Sie im Paket erhalten haben, und stellen Sie sicher, dass sowohl die Artikel als auch das R\u00fccksendeformular gut verpackt zur\u00fcckgesendet werden. (Ohne R\u00fccksendeformular k\u00f6nnen wir Ihre R\u00fccksendung nicht bearbeiten.)<\/p>\n<p>3. Befolgen Sie die Schritte und vergessen Sie nicht, das alte Versandetikett vom Karton zu entfernen.<\/p>\n<p>4. Bewahren Sie den Versandnachweis und die Sendungsverfolgung auf, bis Ihre R\u00fccksendung vollst\u00e4ndig bearbeitet und erstattet wurde.<\/p>\n<p>Ohne einen g\u00fcltigen Versandnachweis mit Track &amp; Trace-Code k\u00f6nnen wir keine R\u00fccksendungen untersuchen und erstatten fehlende R\u00fccksendungen daher nicht.<\/p>\n\n\t\t<\/div>\n\t<\/div>\n<\/div><\/div><div class=\"vc_tta-panel\" id=\"1615730006111-2f6b6c02-3930\" data-vc-content=\".vc_tta-panel-body\"><div class=\"vc_tta-panel-heading\"><h4 class=\"vc_tta-panel-title vc_tta-controls-icon-position-left\"><a href=\"#1615730006111-2f6b6c02-3930\" data-vc-accordion data-vc-container=\".vc_tta-container\"><span class=\"vc_tta-title-text\">Ich habe meine Bestellung zur\u00fcckgeschickt, wann erhalte ich mein Geld zur\u00fcck?<\/span><i class=\"vc_tta-controls-icon vc_tta-controls-icon-plus\"><\/i><\/a><\/h4><\/div><div class=\"vc_tta-panel-body\">\n\t<div class=\"wpb_text_column wpb_content_element\" >\n\t\t<div class=\"wpb_wrapper\">\n\t\t\t<p>Nachdem Ihre R\u00fccksendung bearbeitet wurde, erstatten wir den Kaufbetrag. Normalerweise dauert es 3 bis 4 Werktage. Bitte beachten Sie, dass es aufgrund Ihrer eigenen Bankbearbeitungszeit einige Tage l\u00e4nger dauern kann, bis der Betrag tats\u00e4chlich auf Ihrem Bankkonto eingeht. Nachdem wir den Betrag zur\u00fcckerstattet haben, erhalten Sie immer eine E-Mail mit einer Best\u00e4tigung der R\u00fcckerstattung.<\/p>\n<div id=\"gtx-trans\" style=\"position: absolute; left: 1277px; top: 38px;\">\n<div class=\"gtx-trans-icon\"><\/div>\n<\/div>\n\n\t\t<\/div>\n\t<\/div>\n<\/div><\/div><div class=\"vc_tta-panel\" id=\"1615730403408-dc3722c1-336e\" data-vc-content=\".vc_tta-panel-body\"><div class=\"vc_tta-panel-heading\"><h4 class=\"vc_tta-panel-title vc_tta-controls-icon-position-left\"><a href=\"#1615730403408-dc3722c1-336e\" data-vc-accordion data-vc-container=\".vc_tta-container\"><span class=\"vc_tta-title-text\">Ich habe \u00fcber Klarna bestellt und die Sendung zur\u00fcckgesendet, wie soll ich damit weiter mit Klarna umgehen?<\/span><i class=\"vc_tta-controls-icon vc_tta-controls-icon-plus\"><\/i><\/a><\/h4><\/div><div class=\"vc_tta-panel-body\">\n\t<div class=\"wpb_text_column wpb_content_element\" >\n\t\t<div class=\"wpb_wrapper\">\n\t\t\t<p>Sobald wir Ihre R\u00fccksendung erhalten und bearbeitet haben, wird Ihre Rechnung angepasst. Normalerweise dauert es 3 bis 5 Werktage. Die maximale Bearbeitungszeit zwischen uns und Klarna betr\u00e4gt 14 Tage. Sie erhalten dann von Klarna eine angepasste Rechnung, angepasst an Ihre R\u00fccksendung.<\/p>\n<p>Das Tolle an Klarna ist, dass Sie Ihre komplette Rechnung nicht im Voraus bezahlen m\u00fcssen. Wir empfehlen Ihnen jedoch, Ihre Rechnung rechtzeitig zu begleichen, um Kostenerh\u00f6hungen zu vermeiden.<\/p>\n<p>Haben Sie Ihre Klarna-Rechnung bereits bezahlt und eventuell Artikel zur\u00fcckgesendet? In diesem Fall erhalten Sie von Klarna eine R\u00fcckerstattung, sobald wir Ihre R\u00fccksendung erhalten und bearbeitet haben.<\/p>\n<p>Kennen Sie schon die Klarna-App? Mit der Klarna App haben Sie Ihre Bestellungen im Blick und k\u00f6nnen unter anderem Ihre Rechnung \u201evorbehalten\u201c oder Retouren registrieren.<\/p>\n<p>Weitere Informationen finden Sie unter https:\/\/www.klarna.nl<\/p>\n<div id=\"gtx-trans\" style=\"position: absolute; left: 1272px; top: -10px;\">\n<div class=\"gtx-trans-icon\"><\/div>\n<\/div>\n\n\t\t<\/div>\n\t<\/div>\n<\/div><\/div><div class=\"vc_tta-panel\" id=\"1615730876142-e2d7772e-24c7\" data-vc-content=\".vc_tta-panel-body\"><div class=\"vc_tta-panel-heading\"><h4 class=\"vc_tta-panel-title vc_tta-controls-icon-position-left\"><a href=\"#1615730876142-e2d7772e-24c7\" data-vc-accordion data-vc-container=\".vc_tta-container\"><span class=\"vc_tta-title-text\">Ich habe einen speziellen Wunsch zu meiner Bestellung, wie kann ich diesen weiterleiten?<\/span><i class=\"vc_tta-controls-icon vc_tta-controls-icon-plus\"><\/i><\/a><\/h4><\/div><div class=\"vc_tta-panel-body\">\n\t<div class=\"wpb_text_column wpb_content_element\" >\n\t\t<div class=\"wpb_wrapper\">\n\t\t\t<p>Sie k\u00f6nnen Ihren speziellen Wunsch bei der Bestellung angeben. Bei der Eingabe Ihrer Daten wird hier eine Bestellnotiz hinterlegt. Sie k\u00f6nnen uns jederzeit anrufen.<\/p>\n<div id=\"gtx-trans\" style=\"position: absolute; left: -18px; top: 38px;\">\n<div class=\"gtx-trans-icon\"><\/div>\n<\/div>\n\n\t\t<\/div>\n\t<\/div>\n<\/div><\/div><div class=\"vc_tta-panel\" id=\"1615730972830-88355cff-a0cb\" data-vc-content=\".vc_tta-panel-body\"><div class=\"vc_tta-panel-heading\"><h4 class=\"vc_tta-panel-title vc_tta-controls-icon-position-left\"><a href=\"#1615730972830-88355cff-a0cb\" data-vc-accordion data-vc-container=\".vc_tta-container\"><span class=\"vc_tta-title-text\">Warum ist eine Bestellung nicht m\u00f6glich?<\/span><i class=\"vc_tta-controls-icon vc_tta-controls-icon-plus\"><\/i><\/a><\/h4><\/div><div class=\"vc_tta-panel-body\">\n\t<div class=\"wpb_text_column wpb_content_element\" >\n\t\t<div class=\"wpb_wrapper\">\n\t\t\t<p>Dies kann mehrere Ursachen haben. Wir empfehlen Ihnen, Ihre Adresse im Checkout manuell einzugeben und kein Autofill zu verwenden. Sollte es danach immer noch nicht funktionieren, empfehlen wir Ihnen, sich an unseren Kundenservice zu wenden. Es ist sinnvoll, einen Screenshot des gesamten Checkouts oder der Fehlermeldung zu senden.<\/p>\n<div id=\"gtx-trans\" style=\"position: absolute; left: 1279px; top: -10px;\">\n<div class=\"gtx-trans-icon\"><\/div>\n<\/div>\n\n\t\t<\/div>\n\t<\/div>\n<\/div><\/div><div class=\"vc_tta-panel\" id=\"1617306640789-b5a13c63-d3ca\" data-vc-content=\".vc_tta-panel-body\"><div class=\"vc_tta-panel-heading\"><h4 class=\"vc_tta-panel-title vc_tta-controls-icon-position-left\"><a href=\"#1617306640789-b5a13c63-d3ca\" data-vc-accordion data-vc-container=\".vc_tta-container\"><span class=\"vc_tta-title-text\">Ich habe eine Reparaturanfrage oder eine Reklamation zu einem besch\u00e4digten Artikel, wie kann ich diese arrangieren?<\/span><i class=\"vc_tta-controls-icon vc_tta-controls-icon-plus\"><\/i><\/a><\/h4><\/div><div class=\"vc_tta-panel-body\">\n\t<div class=\"wpb_text_column wpb_content_element\" >\n\t\t<div class=\"wpb_wrapper\">\n\t\t\t<p>\u00dcber das Kontaktformular k\u00f6nnen Sie eine Reklamations- oder Reparaturanfrage stellen und wir werden uns schnellstm\u00f6glich mit Ihnen in Verbindung setzen. Hinterlassen Sie Ihren Namen, Ihre Telefonnummer und Ihre E-Mail-Adresse und beschreiben Sie Ihre Reklamation oder Ihren Reparaturwunsch so detailliert wie m\u00f6glich.<\/p>\n\n\t\t<\/div>\n\t<\/div>\n<\/div><\/div><\/div><\/div><\/div><\/div>\n\t<div class=\"wpb_text_column wpb_content_element\" >\n\t\t<div class=\"wpb_wrapper\">\n\t\t\t<h5>Sollte Ihre Frage hier nicht aufgef\u00fchrt sein, k\u00f6nnen Sie uns \u00fcber das unten stehende Kontaktformular eine Nachricht zukommen lassen, wir werden Ihre Frage schnellstm\u00f6glich beantworten.<\/h5>\n\n\t\t<\/div>\n\t<\/div>\n<\/div><\/div><\/div><\/div><\/div><div  class=\"sec_row container\"><div class=\"vc_row wpb_row vc_row-fluid vc_custom_1614609582921\"><div class=\"wpb_column vc_column_container vc_col-sm-8 et-dark-column\"><div class=\"vc_column-inner\"><div class=\"wpb_wrapper\">\n<div class=\"wpcf7 no-js\" id=\"wpcf7-f5297-o1\" lang=\"nl-NL\" dir=\"ltr\" data-wpcf7-id=\"5297\">\n<div class=\"screen-reader-response\"><p role=\"status\" aria-live=\"polite\" aria-atomic=\"true\"><\/p> <ul><\/ul><\/div>\n<form action=\"\/de\/wp-json\/wp\/v2\/pages\/7#wpcf7-f5297-o1\" method=\"post\" class=\"wpcf7-form init\" aria-label=\"Contactformulier\" novalidate=\"novalidate\" data-status=\"init\" data-trp-original-action=\"\/de\/wp-json\/wp\/v2\/pages\/7#wpcf7-f5297-o1\">\n<fieldset class=\"hidden-fields-container\"><input type=\"hidden\" name=\"_wpcf7\" value=\"5297\" \/><input type=\"hidden\" name=\"_wpcf7_version\" value=\"6.1.5\" \/><input type=\"hidden\" name=\"_wpcf7_locale\" value=\"nl_NL\" \/><input type=\"hidden\" name=\"_wpcf7_unit_tag\" value=\"wpcf7-f5297-o1\" \/><input type=\"hidden\" name=\"_wpcf7_container_post\" value=\"0\" \/><input type=\"hidden\" name=\"_wpcf7_posted_data_hash\" value=\"\" \/>\n<\/fieldset>\n<div class=\"contact-form\">\n\t<div class=\"entry-header\">\n\t\t<h2 class=\"entry-title\">SCHICK UNS EINE NACHRICHT\n\t\t<\/h2>\n\t<\/div>\n\t<div class=\"row mb20\">\n\t\t<div class=\"col-sm-5 columns\">\n\t\t\t<p><label for=\"your-name\">Name <span class=\"required\">*<\/span><\/label><span class=\"wpcf7-form-control-wrap\" data-name=\"your-name\"><input size=\"40\" maxlength=\"400\" class=\"wpcf7-form-control wpcf7-text wpcf7-validates-as-required input-text txt-large txt-trans txt-shadow\" aria-required=\"true\" aria-invalid=\"false\" value=\"\" type=\"text\" name=\"your-name\" \/><\/span>\n\t\t\t<\/p>\n\t\t\t<p><label for=\"your-telephone\">Telefon <span class=\"required\">*<\/span><\/label><span class=\"wpcf7-form-control-wrap\" data-name=\"your-telephone\"><input size=\"40\" maxlength=\"400\" class=\"wpcf7-form-control wpcf7-text wpcf7-validates-as-required input-text txt-large txt-trans txt-shadow\" aria-required=\"true\" aria-invalid=\"false\" value=\"\" type=\"text\" name=\"your-telephone\" \/><\/span>\n\t\t\t<\/p>\n\t\t\t<p><label for=\"your-email\">Emaille <span class=\"required\">*<\/span><\/label><span class=\"wpcf7-form-control-wrap\" data-name=\"your-email\"><input size=\"40\" maxlength=\"400\" class=\"wpcf7-form-control wpcf7-email wpcf7-validates-as-required wpcf7-text wpcf7-validates-as-email input-text txt-large txt-trans txt-shadow\" aria-required=\"true\" aria-invalid=\"false\" value=\"\" type=\"email\" name=\"your-email\" \/><\/span>\n\t\t\t<\/p>\n\t\t\t<p><label for=\"your-subject\">Thema <span class=\"required\">*<\/span><\/label><span class=\"wpcf7-form-control-wrap\" data-name=\"your-subject\"><input size=\"40\" maxlength=\"400\" class=\"wpcf7-form-control wpcf7-text input-text txt-large txt-trans txt-shadow\" aria-invalid=\"false\" value=\"\" type=\"text\" name=\"your-subject\" \/><\/span>\n\t\t\t<\/p>\n\t\t<\/div>\n\t\t<div class=\"col-sm-7 columns\">\n\t\t\t<p><label for=\"your-message\">Nachricht <span class=\"required\">*<\/span><\/label><br \/>\n<span class=\"wpcf7-form-control-wrap\" data-name=\"your-message\"><textarea cols=\"40\" rows=\"10\" maxlength=\"2000\" class=\"wpcf7-form-control wpcf7-textarea txt-trans txt-shadow\" aria-invalid=\"false\" name=\"your-message\"><\/textarea><\/span>\n\t\t\t<\/p>\n\t\t\t<p>Schreiben Sie diese Buchstaben und Zahlen unter <input type=\"hidden\" name=\"_wpcf7_captcha_challenge_captcha-518\" value=\"2895903189\" \/><img loading=\"lazy\" decoding=\"async\" class=\"wpcf7-form-control wpcf7-captchac wpcf7-captcha-captcha-518\" width=\"72\" height=\"24\" alt=\"Captcha\" src=\"https:\/\/versano.nl\/wp-content\/uploads\/wpcf7_captcha\/2895903189.png\" \/><br \/>\n<span class=\"wpcf7-form-control-wrap\" data-name=\"captcha-518\"><input size=\"40\" class=\"wpcf7-form-control wpcf7-captchar\" autocomplete=\"off\" aria-invalid=\"false\" value=\"\" type=\"text\" name=\"captcha-518\" \/><\/span>\n\t\t\t<\/p>\n\t\t<\/div>\n\t<\/div>\n\t<p><input class=\"wpcf7-form-control wpcf7-submit has-spinner button btn-large\" type=\"submit\" value=\"einreichen\" \/>\n\t<\/p>\n<\/div><div class=\"wpcf7-response-output\" aria-hidden=\"true\"><\/div>\n<input type=\"hidden\" name=\"trp-form-language\" value=\"de\"\/><\/form>\n<\/div>\n<\/div><\/div><\/div><div class=\"wpb_column vc_column_container vc_col-sm-4 et-dark-column\"><div class=\"vc_column-inner\"><div class=\"wpb_wrapper\">\n\t<div class=\"wpb_text_column wpb_content_element   contact-info\" >\n\t\t<div class=\"wpb_wrapper\">\n\t\t\t<h3>INFO:<\/h3>\n<div class=\"contact-cell border\">\n<h4>Mezam BV<br \/>\nKVK 68323719<br \/>\nNL.857392499.B01<\/h4>\n<\/div>\n<p>&nbsp;<\/p>\n<h3>ADRESSE:<\/h3>\n<div class=\"contact-cell border\">\n<h4>Nickelstra\u00dfe 23<br \/>\n4823 AE Breda<\/h4>\n<\/div>\n<p>&nbsp;<\/p>\n<div id=\"gtx-trans\" style=\"position: absolute; left: -7px; top: 340.219px;\">\n<div class=\"gtx-trans-icon\"><\/div>\n<\/div>\n\n\t\t<\/div>\n\t<\/div>\n<\/div><\/div><\/div><\/div><\/div>\n<\/div>","protected":false},"excerpt":{"rendered":"Ik wil de status van mijn bestelling checken via de track&amp;trace, waar kan ik de track&amp;trace vinden? Zodra het pakket is gescand bij PostNL, ontvangt u in de avond een e-mail van ons met daarin een track&amp;trace code om uw zending te volgen. De bestelling is overigens ook te volgen [...]","protected":false},"author":90,"featured_media":0,"parent":0,"menu_order":0,"comment_status":"closed","ping_status":"closed","template":"","meta":{"footnotes":""},"class_list":["post-7","page","type-page","status-publish","hentry"],"yoast_head":"<!-- This site is optimized with the Yoast SEO plugin v27.2 - https:\/\/yoast.com\/product\/yoast-seo-wordpress\/ -->\n<title>Meest gestelde vragen - Versano<\/title>\n<meta name=\"robots\" content=\"index, follow, max-snippet:-1, max-image-preview:large, max-video-preview:-1\" \/>\n<link rel=\"canonical\" href=\"https:\/\/versano.nl\/de\/contact\/\" \/>\n<meta property=\"og:locale\" content=\"de_DE\" \/>\n<meta property=\"og:type\" content=\"article\" \/>\n<meta property=\"og:title\" content=\"Meest gestelde vragen - Versano\" \/>\n<meta property=\"og:url\" content=\"https:\/\/versano.nl\/de\/contact\/\" \/>\n<meta property=\"og:site_name\" content=\"Versano\" \/>\n<meta property=\"article:modified_time\" content=\"2021-11-24T19:27:11+00:00\" \/>\n<meta name=\"twitter:card\" content=\"summary_large_image\" \/>\n<meta name=\"twitter:label1\" content=\"Gesch\u00e4tzte Lesezeit\" \/>\n\t<meta name=\"twitter:data1\" content=\"4\u00a0Minuten\" \/>\n<script type=\"application\/ld+json\" class=\"yoast-schema-graph\">{\"@context\":\"https:\/\/schema.org\",\"@graph\":[{\"@type\":\"WebPage\",\"@id\":\"https:\/\/versano.nl\/contact\/\",\"url\":\"https:\/\/versano.nl\/contact\/\",\"name\":\"Meest gestelde vragen - Versano\",\"isPartOf\":{\"@id\":\"https:\/\/versano.nl\/#website\"},\"datePublished\":\"2017-05-05T02:42:23+00:00\",\"dateModified\":\"2021-11-24T19:27:11+00:00\",\"breadcrumb\":{\"@id\":\"https:\/\/versano.nl\/contact\/#breadcrumb\"},\"inLanguage\":\"de\",\"potentialAction\":[{\"@type\":\"ReadAction\",\"target\":[\"https:\/\/versano.nl\/contact\/\"]}]},{\"@type\":\"BreadcrumbList\",\"@id\":\"https:\/\/versano.nl\/contact\/#breadcrumb\",\"itemListElement\":[{\"@type\":\"ListItem\",\"position\":1,\"name\":\"Home\",\"item\":\"https:\/\/versano.nl\/\"},{\"@type\":\"ListItem\",\"position\":2,\"name\":\"Meest gestelde vragen\"}]},{\"@type\":\"WebSite\",\"@id\":\"https:\/\/versano.nl\/#website\",\"url\":\"https:\/\/versano.nl\/\",\"name\":\"Versano\",\"description\":\"winterjassen met bontkraag | leren dames jassen | leren heren jassen\",\"potentialAction\":[{\"@type\":\"SearchAction\",\"target\":{\"@type\":\"EntryPoint\",\"urlTemplate\":\"https:\/\/versano.nl\/?s={search_term_string}\"},\"query-input\":{\"@type\":\"PropertyValueSpecification\",\"valueRequired\":true,\"valueName\":\"search_term_string\"}}],\"inLanguage\":\"de\"}]}<\/script>\n<!-- \/ Yoast SEO plugin. -->","yoast_head_json":{"title":"H\u00e4ufig gestellte Fragen - Versano","robots":{"index":"index","follow":"follow","max-snippet":"max-snippet:-1","max-image-preview":"max-image-preview:large","max-video-preview":"max-video-preview:-1"},"canonical":"https:\/\/versano.nl\/de\/contact\/","og_locale":"de_DE","og_type":"article","og_title":"Meest gestelde vragen - Versano","og_url":"https:\/\/versano.nl\/de\/contact\/","og_site_name":"Versano","article_modified_time":"2021-11-24T19:27:11+00:00","twitter_card":"summary_large_image","twitter_misc":{"Gesch\u00e4tzte Lesezeit":"4\u00a0Minuten"},"schema":{"@context":"https:\/\/schema.org","@graph":[{"@type":"WebPage","@id":"https:\/\/versano.nl\/contact\/","url":"https:\/\/versano.nl\/contact\/","name":"H\u00e4ufig gestellte Fragen - Versano","isPartOf":{"@id":"https:\/\/versano.nl\/#website"},"datePublished":"2017-05-05T02:42:23+00:00","dateModified":"2021-11-24T19:27:11+00:00","breadcrumb":{"@id":"https:\/\/versano.nl\/contact\/#breadcrumb"},"inLanguage":"de","potentialAction":[{"@type":"ReadAction","target":["https:\/\/versano.nl\/contact\/"]}]},{"@type":"BreadcrumbList","@id":"https:\/\/versano.nl\/contact\/#breadcrumb","itemListElement":[{"@type":"ListItem","position":1,"name":"Home","item":"https:\/\/versano.nl\/"},{"@type":"ListItem","position":2,"name":"Meest gestelde vragen"}]},{"@type":"WebSite","@id":"https:\/\/versano.nl\/#website","url":"https:\/\/versano.nl\/","name":"Versano","description":"Winterm\u00e4ntel mit Pelzkragen | Damen Lederjacken | Herren Lederjacken","potentialAction":[{"@type":"SearchAction","target":{"@type":"EntryPoint","urlTemplate":"https:\/\/versano.nl\/?s={search_term_string}"},"query-input":{"@type":"PropertyValueSpecification","valueRequired":true,"valueName":"search_term_string"}}],"inLanguage":"de"}]}},"_links":{"self":[{"href":"https:\/\/versano.nl\/de\/wp-json\/wp\/v2\/pages\/7","targetHints":{"allow":["GET"]}}],"collection":[{"href":"https:\/\/versano.nl\/de\/wp-json\/wp\/v2\/pages"}],"about":[{"href":"https:\/\/versano.nl\/de\/wp-json\/wp\/v2\/types\/page"}],"author":[{"embeddable":true,"href":"https:\/\/versano.nl\/de\/wp-json\/wp\/v2\/users\/90"}],"replies":[{"embeddable":true,"href":"https:\/\/versano.nl\/de\/wp-json\/wp\/v2\/comments?post=7"}],"version-history":[{"count":5,"href":"https:\/\/versano.nl\/de\/wp-json\/wp\/v2\/pages\/7\/revisions"}],"predecessor-version":[{"id":33462,"href":"https:\/\/versano.nl\/de\/wp-json\/wp\/v2\/pages\/7\/revisions\/33462"}],"wp:attachment":[{"href":"https:\/\/versano.nl\/de\/wp-json\/wp\/v2\/media?parent=7"}],"curies":[{"name":"wp","href":"https:\/\/api.w.org\/{rel}","templated":true}]}}