{"id":5470,"date":"2017-05-17T21:49:57","date_gmt":"2017-05-17T21:49:57","guid":{"rendered":"https:\/\/leathershopdoci.nl\/versano\/?page_id=5470"},"modified":"2018-02-12T23:17:20","modified_gmt":"2018-02-12T23:17:20","slug":"dames-jas-met-bontkraag","status":"publish","type":"page","link":"https:\/\/versano.nl\/de\/dames-jas-met-bontkraag\/","title":{"rendered":"Damen Jacke mit Pelzkragen"},"content":{"rendered":"<div class=\"wpb-content-wrapper\"><div  class=\"sec_row container\"><div class=\"vc_row wpb_row vc_row-fluid\"><div class=\"wpb_column vc_column_container vc_col-sm-12 et-dark-column\"><div class=\"vc_column-inner\"><div class=\"wpb_wrapper\">\n\t<div class=\"wpb_text_column wpb_content_element\" >\n\t\t<div class=\"wpb_wrapper\">\n\t\t\t<p><a href=\"https:\/\/versano.nl\/wp-content\/uploads\/sites\/2\/2018\/02\/dames-jas-met-bontkraag.jpg\"><img loading=\"lazy\" decoding=\"async\" class=\"size-full wp-image-7441 aligncenter\" src=\"https:\/\/versano.nl\/wp-content\/uploads\/sites\/2\/2018\/02\/dames-jas-met-bontkraag.jpg\" alt=\"Damen Mantel mit Pelzkragen\" width=\"1200\" height=\"628\" srcset=\"https:\/\/versano.nl\/wp-content\/uploads\/2018\/02\/dames-jas-met-bontkraag.jpg 1200w, https:\/\/versano.nl\/wp-content\/uploads\/2018\/02\/dames-jas-met-bontkraag-600x314.jpg 600w, https:\/\/versano.nl\/wp-content\/uploads\/2018\/02\/dames-jas-met-bontkraag-900x471.jpg 900w, https:\/\/versano.nl\/wp-content\/uploads\/2018\/02\/dames-jas-met-bontkraag-300x157.jpg 300w, https:\/\/versano.nl\/wp-content\/uploads\/2018\/02\/dames-jas-met-bontkraag-768x402.jpg 768w, https:\/\/versano.nl\/wp-content\/uploads\/2018\/02\/dames-jas-met-bontkraag-1024x536.jpg 1024w\" sizes=\"auto, (max-width: 1200px) 100vw, 1200px\" \/><\/a><\/p>\n\n\t\t<\/div>\n\t<\/div>\n<\/div><\/div><\/div><\/div><\/div><div  class=\"sec_row container\"><div class=\"vc_row wpb_row vc_row-fluid vc_custom_1495031441109\"><div class=\"wpb_column vc_column_container vc_col-sm-12 et-dark-column\"><div class=\"vc_column-inner\"><div class=\"wpb_wrapper\">\n\t<div class=\"wpb_text_column wpb_content_element\" >\n\t\t<div class=\"wpb_wrapper\">\n\t\t\t<h1>Damen Jacke mit Pelzkragen<\/h1>\n<p>Sie m\u00f6chten eine neue Jacke kaufen, wissen aber nicht, welche Art von Mantel Sie suchen? Dann werfen Sie einen Blick auf die Website von Versano. Dies ist eine niederl\u00e4ndische Marke im Bereich Lederjacken und M\u00e4ntel mit Pelzkragen. Hier finden Sie M\u00e4ntel in verschiedenen Stilen, darunter den Damenmantel mit Pelzkragen. So eine sch\u00f6ne Damenjacke mit Pelzkragen passt perfekt zu jedem m\u00f6glichen Moment. Egal ob Sie einen Nachmittag mit Freunden shoppen gehen oder mit Ihrer Familie ausgehen, wir verkaufen den Damenmantel mit einem passenden Pelzkragen! Auf Versano.nl finden Sie auch eine gro\u00dfe Auswahl an anderen M\u00e4nteln.<\/p>\n<h2>Eine Damenjacke mit Pelzkragen von Versano<\/h2>\n<p>M\u00f6chten Sie eine sch\u00f6ne Damenjacke mit Fellkragen aus bestem Material kaufen, bei der Sie sich f\u00fcr Ihren Geldbeutel nicht zu tief f\u00fchlen m\u00fcssen? Versano hat die Philosophie, dass sch\u00f6ne M\u00e4ntel von hoher Qualit\u00e4t nicht sehr teuer sein m\u00fcssen. Deshalb finden Sie bei uns nur Jacken zu g\u00fcnstigen Preisen. Sie m\u00fcssen sich nicht um die Qualit\u00e4t unserer Produkte k\u00fcmmern. Wir haben eine eigene Gerberei und eine Fabrik, in der unsere M\u00e4ntel hergestellt werden. Da wir jeden einzelnen Schritt in der Hand haben, k\u00f6nnen wir die Qualit\u00e4t unserer M\u00e4ntel garantieren.<\/p>\n<h2>Wo kaufe ich diese Damenjacke mit Pelzkragen?<\/h2>\n<p>F\u00fcr eine hochwertige Jacke von Versano besuchen Sie bitte unsere Website, die wir zusammen mit Leather Shop Doci eingerichtet haben. In den Gesch\u00e4ften von Leather Shop Doci k\u00f6nnen Sie auch unsere sch\u00f6nen M\u00e4ntel kaufen. Sie k\u00f6nnen es dann anpassen oder eine Bestellung abholen. So wei\u00dft du sicher, dass diese sch\u00f6ne Damenjacke mit Fellkragen auch perfekt passt und dass er genauso bequem ist, wie du dir schon gedacht hast!<\/p>\n\n\t\t<\/div>\n\t<\/div>\n<\/div><\/div><\/div><\/div><\/div>\n<\/div>","protected":false},"excerpt":{"rendered":"Dames jas met bontkraag U wilt een nieuwe jas kopen maar weet nog niet zeker wat voor jas u precies zoekt? Neem dan eens een kijkje op de website van Versano. Dit is een Nederlands merk op het gebied van leren jassen en jassen met bontkraag. Hier vindt u jassen [...]","protected":false},"author":90,"featured_media":0,"parent":0,"menu_order":0,"comment_status":"closed","ping_status":"closed","template":"page-visual-composer.php","meta":{"footnotes":""},"class_list":["post-5470","page","type-page","status-publish","hentry"],"yoast_head":"<!-- This site is optimized with the Yoast SEO plugin v27.2 - https:\/\/yoast.com\/product\/yoast-seo-wordpress\/ -->\n<title>Dames jas met bontkraag, Damesjas met bontkraag | Versano<\/title>\n<meta name=\"description\" content=\"Bent u op zoek naar een dames jas met bontkraag? Bij Versano bent u aan het juiste adres voor o.a. een damesjas met bontkraag.\" \/>\n<meta name=\"robots\" content=\"index, follow, max-snippet:-1, max-image-preview:large, max-video-preview:-1\" \/>\n<link rel=\"canonical\" href=\"https:\/\/versano.nl\/de\/dames-jas-met-bontkraag\/\" \/>\n<meta property=\"og:locale\" content=\"de_DE\" \/>\n<meta property=\"og:type\" content=\"article\" \/>\n<meta property=\"og:title\" content=\"Dames jas met bontkraag, Damesjas met bontkraag | Versano\" \/>\n<meta property=\"og:description\" content=\"Bent u op zoek naar een dames jas met bontkraag? Bij Versano bent u aan het juiste adres voor o.a. een damesjas met bontkraag.\" \/>\n<meta property=\"og:url\" content=\"https:\/\/versano.nl\/de\/dames-jas-met-bontkraag\/\" \/>\n<meta property=\"og:site_name\" content=\"Versano\" \/>\n<meta property=\"article:modified_time\" content=\"2018-02-12T23:17:20+00:00\" \/>\n<meta property=\"og:image\" content=\"https:\/\/versano.nl\/wp-content\/uploads\/sites\/2\/2018\/02\/dames-jas-met-bontkraag.jpg\" \/>\n<meta name=\"twitter:card\" content=\"summary_large_image\" \/>\n<meta name=\"twitter:label1\" content=\"Gesch\u00e4tzte Lesezeit\" \/>\n\t<meta name=\"twitter:data1\" content=\"2\u00a0Minuten\" \/>\n<script type=\"application\/ld+json\" class=\"yoast-schema-graph\">{\"@context\":\"https:\/\/schema.org\",\"@graph\":[{\"@type\":\"WebPage\",\"@id\":\"https:\/\/versano.nl\/dames-jas-met-bontkraag\/\",\"url\":\"https:\/\/versano.nl\/dames-jas-met-bontkraag\/\",\"name\":\"Dames jas met bontkraag, Damesjas met bontkraag | Versano\",\"isPartOf\":{\"@id\":\"https:\/\/versano.nl\/#website\"},\"primaryImageOfPage\":{\"@id\":\"https:\/\/versano.nl\/dames-jas-met-bontkraag\/#primaryimage\"},\"image\":{\"@id\":\"https:\/\/versano.nl\/dames-jas-met-bontkraag\/#primaryimage\"},\"thumbnailUrl\":\"https:\/\/versano.nl\/wp-content\/uploads\/sites\/2\/2018\/02\/dames-jas-met-bontkraag.jpg\",\"datePublished\":\"2017-05-17T21:49:57+00:00\",\"dateModified\":\"2018-02-12T23:17:20+00:00\",\"description\":\"Bent u op zoek naar een dames jas met bontkraag? Bij Versano bent u aan het juiste adres voor o.a. een damesjas met bontkraag.\",\"breadcrumb\":{\"@id\":\"https:\/\/versano.nl\/dames-jas-met-bontkraag\/#breadcrumb\"},\"inLanguage\":\"de\",\"potentialAction\":[{\"@type\":\"ReadAction\",\"target\":[\"https:\/\/versano.nl\/dames-jas-met-bontkraag\/\"]}]},{\"@type\":\"ImageObject\",\"inLanguage\":\"de\",\"@id\":\"https:\/\/versano.nl\/dames-jas-met-bontkraag\/#primaryimage\",\"url\":\"https:\/\/versano.nl\/wp-content\/uploads\/sites\/2\/2018\/02\/dames-jas-met-bontkraag.jpg\",\"contentUrl\":\"https:\/\/versano.nl\/wp-content\/uploads\/sites\/2\/2018\/02\/dames-jas-met-bontkraag.jpg\"},{\"@type\":\"BreadcrumbList\",\"@id\":\"https:\/\/versano.nl\/dames-jas-met-bontkraag\/#breadcrumb\",\"itemListElement\":[{\"@type\":\"ListItem\",\"position\":1,\"name\":\"Home\",\"item\":\"https:\/\/versano.nl\/\"},{\"@type\":\"ListItem\",\"position\":2,\"name\":\"Dames jas met bontkraag\"}]},{\"@type\":\"WebSite\",\"@id\":\"https:\/\/versano.nl\/#website\",\"url\":\"https:\/\/versano.nl\/\",\"name\":\"Versano\",\"description\":\"winterjassen met bontkraag | leren dames jassen | leren heren jassen\",\"potentialAction\":[{\"@type\":\"SearchAction\",\"target\":{\"@type\":\"EntryPoint\",\"urlTemplate\":\"https:\/\/versano.nl\/?s={search_term_string}\"},\"query-input\":{\"@type\":\"PropertyValueSpecification\",\"valueRequired\":true,\"valueName\":\"search_term_string\"}}],\"inLanguage\":\"de\"}]}<\/script>\n<!-- \/ Yoast SEO plugin. -->","yoast_head_json":{"title":"Damenmantel mit Pelzkragen, Damenmantel mit Pelzkragen | Versano","description":"Suchen Sie eine Damenjacke mit Pelzkragen? Bei Versano sind Sie f\u00fcr einen Damenmantel mit Pelzkragen an der richtigen Adresse.","robots":{"index":"index","follow":"follow","max-snippet":"max-snippet:-1","max-image-preview":"max-image-preview:large","max-video-preview":"max-video-preview:-1"},"canonical":"https:\/\/versano.nl\/de\/dames-jas-met-bontkraag\/","og_locale":"de_DE","og_type":"article","og_title":"Dames jas met bontkraag, Damesjas met bontkraag | Versano","og_description":"Bent u op zoek naar een dames jas met bontkraag? Bij Versano bent u aan het juiste adres voor o.a. een damesjas met bontkraag.","og_url":"https:\/\/versano.nl\/de\/dames-jas-met-bontkraag\/","og_site_name":"Versano","article_modified_time":"2018-02-12T23:17:20+00:00","og_image":[{"url":"https:\/\/versano.nl\/wp-content\/uploads\/sites\/2\/2018\/02\/dames-jas-met-bontkraag.jpg","type":"","width":"","height":""}],"twitter_card":"summary_large_image","twitter_misc":{"Gesch\u00e4tzte Lesezeit":"2\u00a0Minuten"},"schema":{"@context":"https:\/\/schema.org","@graph":[{"@type":"WebPage","@id":"https:\/\/versano.nl\/dames-jas-met-bontkraag\/","url":"https:\/\/versano.nl\/dames-jas-met-bontkraag\/","name":"Damenmantel mit Pelzkragen, Damenmantel mit Pelzkragen | Versano","isPartOf":{"@id":"https:\/\/versano.nl\/#website"},"primaryImageOfPage":{"@id":"https:\/\/versano.nl\/dames-jas-met-bontkraag\/#primaryimage"},"image":{"@id":"https:\/\/versano.nl\/dames-jas-met-bontkraag\/#primaryimage"},"thumbnailUrl":"https:\/\/versano.nl\/wp-content\/uploads\/sites\/2\/2018\/02\/dames-jas-met-bontkraag.jpg","datePublished":"2017-05-17T21:49:57+00:00","dateModified":"2018-02-12T23:17:20+00:00","description":"Suchen Sie eine Damenjacke mit Pelzkragen? Bei Versano sind Sie f\u00fcr einen Damenmantel mit Pelzkragen an der richtigen Adresse.","breadcrumb":{"@id":"https:\/\/versano.nl\/dames-jas-met-bontkraag\/#breadcrumb"},"inLanguage":"de","potentialAction":[{"@type":"ReadAction","target":["https:\/\/versano.nl\/dames-jas-met-bontkraag\/"]}]},{"@type":"ImageObject","inLanguage":"de","@id":"https:\/\/versano.nl\/dames-jas-met-bontkraag\/#primaryimage","url":"https:\/\/versano.nl\/wp-content\/uploads\/sites\/2\/2018\/02\/dames-jas-met-bontkraag.jpg","contentUrl":"https:\/\/versano.nl\/wp-content\/uploads\/sites\/2\/2018\/02\/dames-jas-met-bontkraag.jpg"},{"@type":"BreadcrumbList","@id":"https:\/\/versano.nl\/dames-jas-met-bontkraag\/#breadcrumb","itemListElement":[{"@type":"ListItem","position":1,"name":"Home","item":"https:\/\/versano.nl\/"},{"@type":"ListItem","position":2,"name":"Dames jas met bontkraag"}]},{"@type":"WebSite","@id":"https:\/\/versano.nl\/#website","url":"https:\/\/versano.nl\/","name":"Versano","description":"Winterm\u00e4ntel mit Pelzkragen | Damen Lederjacken | Herren Lederjacken","potentialAction":[{"@type":"SearchAction","target":{"@type":"EntryPoint","urlTemplate":"https:\/\/versano.nl\/?s={search_term_string}"},"query-input":{"@type":"PropertyValueSpecification","valueRequired":true,"valueName":"search_term_string"}}],"inLanguage":"de"}]}},"_links":{"self":[{"href":"https:\/\/versano.nl\/de\/wp-json\/wp\/v2\/pages\/5470","targetHints":{"allow":["GET"]}}],"collection":[{"href":"https:\/\/versano.nl\/de\/wp-json\/wp\/v2\/pages"}],"about":[{"href":"https:\/\/versano.nl\/de\/wp-json\/wp\/v2\/types\/page"}],"author":[{"embeddable":true,"href":"https:\/\/versano.nl\/de\/wp-json\/wp\/v2\/users\/90"}],"replies":[{"embeddable":true,"href":"https:\/\/versano.nl\/de\/wp-json\/wp\/v2\/comments?post=5470"}],"version-history":[{"count":2,"href":"https:\/\/versano.nl\/de\/wp-json\/wp\/v2\/pages\/5470\/revisions"}],"predecessor-version":[{"id":7442,"href":"https:\/\/versano.nl\/de\/wp-json\/wp\/v2\/pages\/5470\/revisions\/7442"}],"wp:attachment":[{"href":"https:\/\/versano.nl\/de\/wp-json\/wp\/v2\/media?parent=5470"}],"curies":[{"name":"wp","href":"https:\/\/api.w.org\/{rel}","templated":true}]}}