{"id":27,"date":"2017-05-05T02:44:48","date_gmt":"2017-05-05T02:44:48","guid":{"rendered":"https:\/\/leathershopdoci.nl\/versano\/?page_id=27"},"modified":"2017-05-23T13:30:40","modified_gmt":"2017-05-23T13:30:40","slug":"privacy-policy","status":"publish","type":"page","link":"https:\/\/versano.nl\/de\/privacy-policy\/","title":{"rendered":"Datenschutz"},"content":{"rendered":"<div class=\"wpb-content-wrapper\"><div  class=\"sec_row container\"><div class=\"vc_row wpb_row vc_row-fluid\"><div class=\"wpb_column vc_column_container vc_col-sm-12 et-dark-column\"><div class=\"vc_column-inner\"><div class=\"wpb_wrapper\">\n\t<div class=\"wpb_text_column wpb_content_element\" >\n\t\t<div class=\"wpb_wrapper\">\n\t\t\t<p>Datenschutz www.versano.nl<\/p>\n<p>Diese Seite wurde zuletzt am 1. Dezember 2016 ge\u00e4ndert<\/p>\n<p>Wir sind uns bewusst, dass Sie Vertrauen in uns haben. Wir sehen es als unsere Aufgabe, Ihre Privatsph\u00e4re zu sch\u00fctzen. Auf dieser Seite k\u00f6nnen Sie wissen, welche Informationen wir sammeln, wenn Sie unsere Website nutzen, warum wir es sammeln und wie wir helfen, Ihre Benutzererfahrung zu verbessern. So verstehen Sie genau, wie wir arbeiten.<\/p>\n<p>Diese Datenschutzrichtlinie gilt f\u00fcr die Dienste von www.versano.nl. Sie sollten sich bewusst sein, dass www.versano.nl f\u00fcr die Datenschutzpraktiken anderer Websites und Ressourcen nicht verantwortlich ist. Durch die Nutzung dieser Website akzeptieren Sie die Datenschutzrichtlinie.<\/p>\n<p>www.versano.nl respektiert die Privatsph\u00e4re aller Benutzer ihrer Website und sorgt daf\u00fcr, dass die pers\u00f6nlichen Informationen, die Sie vertraulich bereitzustellen.<\/p>\n<p><strong>Unsere Nutzung der gesammelten Informationen<\/strong><\/p>\n<p><strong>Nutzen Sie unsere Dienstleistungen<\/strong><br \/>\nWenn Sie sich f\u00fcr eine unserer Dienstleistungen anmelden, bitten wir Sie pers\u00f6nliche Informationen zur Verf\u00fcgung zu stellen. Diese Daten werden verwendet, um den Dienst auszuf\u00fchren. Die Daten werden gespeichert auf sicheren Servern www.versano.nl oder eines Dritten. Wir werden diese Daten nicht mit anderen pers\u00f6nlichen Daten kombinieren wir haben.<\/p>\n<p><strong>Kommunikations<\/strong><br \/>\nWenn Sie unsere E-Mail oder andere Mitteilungen senden, ist es m\u00f6glich, dass wir diese Mitteilungen behalten. Manchmal bitten wir um Ihre pers\u00f6nlichen Informationen, die f\u00fcr die jeweilige Situation. Dies macht es m\u00f6glich, Ihre Anfragen zu verarbeiten und auf Ihre Anfragen antworten. Die Daten werden gespeichert auf sicheren Servern www.versano.nl oder eines Dritten. Wir werden diese Daten nicht mit anderen pers\u00f6nlichen Daten kombinieren wir haben.<\/p>\n<p><strong>Zwecke<\/strong><br \/>\nWir erheben oder verwenden, um Informationen f\u00fcr andere Zwecke als die Zwecke dieser Datenschutzrichtlinie beschrieben, es sei denn wir Ihre vorherige Zustimmung haben zuvor erhalten.<\/p>\n<p><strong>dritte<\/strong><br \/>\nDie Informationen werden nicht an Dritte weitergegeben, au\u00dfer f\u00fcr Web-Anwendungen gemeinsam genutzt, die wir zum Nutzen unseres Shops nutzen. Zu diesen Vorsichtsma\u00dfnahmen geh\u00f6ren die Webwinkelkeur Rating-System. Diese Daten werden nur f\u00fcr den Zweck der jeweiligen Anwendung verwendet werden und werden nicht weiter verbreitet werden. Des Weiteren kann intern die Informationen in einigen F\u00e4llen gemeinsam benutzt werden. Unsere Mitarbeiter sind verpflichtet, die Vertraulichkeit Ihrer Daten zu respektieren.<\/p>\n<p><strong>\u00c4nderungen<\/strong><br \/>\nDiese Datenschutzerkl\u00e4rung ist auf die Verwendung und Funktionen dieser Website zugeschnitten sind. Anpassungen und \/ oder \u00c4nderungen an dieser Seite, k\u00f6nnen \u00c4nderungen in dieser Datenschutzerkl\u00e4rung f\u00fchren. Es ist daher ratsam, regelm\u00e4\u00dfig diese Datenschutzerkl\u00e4rung zu \u00fcberpr\u00fcfen.<\/p>\n<p><strong>M\u00f6glichkeiten f\u00fcr pers\u00f6nliche Daten<\/strong><br \/>\nWir bieten alle Besucher die M\u00f6glichkeit zu sehen, \u00e4ndern oder l\u00f6schen pers\u00f6nliche Daten zu der Zeit uns zur Verf\u00fcgung gestellt.<\/p>\n<p>Bearbeiten \/ abmelden Newsletter-Service<br \/>\nEnde jeder Mailing haben Sie die M\u00f6glichkeit zu finden, um Ihre Daten zu \u00e4ndern oder abzumelden.<\/p>\n<p>Bearbeiten \/ abmelden Kommunikation<br \/>\nWenn Sie m\u00f6chten, um Ihre Daten \u00e4ndern oder m\u00f6chten Sie von unseren Dateien erhalten, kontaktieren Sie uns. Siehe unten stehende Kontaktdaten.<\/p>\n<p><strong>deaktivieren Cookies<\/strong><br \/>\nDie meisten Browser sind so eingestellt, Cookies zu akzeptieren, aber Sie k\u00f6nnen Ihren Browser alle Cookies abzulehnen oder gesetzt, um anzuzeigen, wenn ein Cookie gesendet wird. Es ist m\u00f6glich, dass einige Funktionen und Dienste auf unseren und anderen Websites nicht richtig funktionieren, wenn Cookies in Ihrem Browser deaktiviert.<\/p>\n<p><strong>Fragen und Feedback<\/strong><\/p>\n<p>Wir \u00fcberpr\u00fcfen regelm\u00e4\u00dfig unsere Einhaltung dieser Datenschutzrichtlinie. Wenn Sie Fragen zu dieser Datenschutzrichtlinie haben, kontaktieren Sie uns bitte:<\/p>\n<p>Versano (Mezam BV)<br \/>\nNell Bouwdewijn Street 9<br \/>\n4822VV Breda<br \/>\n025 2514700<br \/>\nshop@versano.nl<\/p>\n\n\t\t<\/div>\n\t<\/div>\n<\/div><\/div><\/div><\/div><\/div>\n<\/div>","protected":false},"excerpt":{"rendered":"Privacybeleid www.versano.nl Deze pagina is voor het laatst aangepast op 1 december 2016 Wij zijn er van bewust dat u vertrouwen stelt in ons. Wij zien het dan ook als onze verantwoordelijkheid om uw privacy te beschermen. Op deze pagina laten we u weten welke gegevens we verzamelen als u [...]","protected":false},"author":90,"featured_media":0,"parent":0,"menu_order":0,"comment_status":"closed","ping_status":"closed","template":"","meta":{"footnotes":""},"class_list":["post-27","page","type-page","status-publish","hentry"],"yoast_head":"<!-- This site is optimized with the Yoast SEO plugin v27.2 - https:\/\/yoast.com\/product\/yoast-seo-wordpress\/ -->\n<title>Privacy Policy - Versano<\/title>\n<meta name=\"robots\" content=\"index, follow, max-snippet:-1, max-image-preview:large, max-video-preview:-1\" \/>\n<link rel=\"canonical\" href=\"https:\/\/versano.nl\/de\/privacy-policy\/\" \/>\n<meta property=\"og:locale\" content=\"de_DE\" \/>\n<meta property=\"og:type\" content=\"article\" \/>\n<meta property=\"og:title\" content=\"Privacy Policy - Versano\" \/>\n<meta property=\"og:url\" content=\"https:\/\/versano.nl\/de\/privacy-policy\/\" \/>\n<meta property=\"og:site_name\" content=\"Versano\" \/>\n<meta property=\"article:modified_time\" content=\"2017-05-23T13:30:40+00:00\" \/>\n<meta name=\"twitter:card\" content=\"summary_large_image\" \/>\n<meta name=\"twitter:label1\" content=\"Gesch\u00e4tzte Lesezeit\" \/>\n\t<meta name=\"twitter:data1\" content=\"3\u00a0Minuten\" \/>\n<script type=\"application\/ld+json\" class=\"yoast-schema-graph\">{\"@context\":\"https:\/\/schema.org\",\"@graph\":[{\"@type\":\"WebPage\",\"@id\":\"https:\/\/versano.nl\/privacy-policy\/\",\"url\":\"https:\/\/versano.nl\/privacy-policy\/\",\"name\":\"Privacy Policy - Versano\",\"isPartOf\":{\"@id\":\"https:\/\/versano.nl\/#website\"},\"datePublished\":\"2017-05-05T02:44:48+00:00\",\"dateModified\":\"2017-05-23T13:30:40+00:00\",\"breadcrumb\":{\"@id\":\"https:\/\/versano.nl\/privacy-policy\/#breadcrumb\"},\"inLanguage\":\"de\",\"potentialAction\":[{\"@type\":\"ReadAction\",\"target\":[\"https:\/\/versano.nl\/privacy-policy\/\"]}]},{\"@type\":\"BreadcrumbList\",\"@id\":\"https:\/\/versano.nl\/privacy-policy\/#breadcrumb\",\"itemListElement\":[{\"@type\":\"ListItem\",\"position\":1,\"name\":\"Home\",\"item\":\"https:\/\/versano.nl\/\"},{\"@type\":\"ListItem\",\"position\":2,\"name\":\"Privacy Policy\"}]},{\"@type\":\"WebSite\",\"@id\":\"https:\/\/versano.nl\/#website\",\"url\":\"https:\/\/versano.nl\/\",\"name\":\"Versano\",\"description\":\"winterjassen met bontkraag | leren dames jassen | leren heren jassen\",\"potentialAction\":[{\"@type\":\"SearchAction\",\"target\":{\"@type\":\"EntryPoint\",\"urlTemplate\":\"https:\/\/versano.nl\/?s={search_term_string}\"},\"query-input\":{\"@type\":\"PropertyValueSpecification\",\"valueRequired\":true,\"valueName\":\"search_term_string\"}}],\"inLanguage\":\"de\"}]}<\/script>\n<!-- \/ Yoast SEO plugin. -->","yoast_head_json":{"title":"Datenschutzerkl\u00e4rung - Versano","robots":{"index":"index","follow":"follow","max-snippet":"max-snippet:-1","max-image-preview":"max-image-preview:large","max-video-preview":"max-video-preview:-1"},"canonical":"https:\/\/versano.nl\/de\/privacy-policy\/","og_locale":"de_DE","og_type":"article","og_title":"Privacy Policy - Versano","og_url":"https:\/\/versano.nl\/de\/privacy-policy\/","og_site_name":"Versano","article_modified_time":"2017-05-23T13:30:40+00:00","twitter_card":"summary_large_image","twitter_misc":{"Gesch\u00e4tzte Lesezeit":"3\u00a0Minuten"},"schema":{"@context":"https:\/\/schema.org","@graph":[{"@type":"WebPage","@id":"https:\/\/versano.nl\/privacy-policy\/","url":"https:\/\/versano.nl\/privacy-policy\/","name":"Datenschutzerkl\u00e4rung - Versano","isPartOf":{"@id":"https:\/\/versano.nl\/#website"},"datePublished":"2017-05-05T02:44:48+00:00","dateModified":"2017-05-23T13:30:40+00:00","breadcrumb":{"@id":"https:\/\/versano.nl\/privacy-policy\/#breadcrumb"},"inLanguage":"de","potentialAction":[{"@type":"ReadAction","target":["https:\/\/versano.nl\/privacy-policy\/"]}]},{"@type":"BreadcrumbList","@id":"https:\/\/versano.nl\/privacy-policy\/#breadcrumb","itemListElement":[{"@type":"ListItem","position":1,"name":"Home","item":"https:\/\/versano.nl\/"},{"@type":"ListItem","position":2,"name":"Privacy Policy"}]},{"@type":"WebSite","@id":"https:\/\/versano.nl\/#website","url":"https:\/\/versano.nl\/","name":"Versano","description":"Winterm\u00e4ntel mit Pelzkragen | Damen Lederjacken | Herren Lederjacken","potentialAction":[{"@type":"SearchAction","target":{"@type":"EntryPoint","urlTemplate":"https:\/\/versano.nl\/?s={search_term_string}"},"query-input":{"@type":"PropertyValueSpecification","valueRequired":true,"valueName":"search_term_string"}}],"inLanguage":"de"}]}},"_links":{"self":[{"href":"https:\/\/versano.nl\/de\/wp-json\/wp\/v2\/pages\/27","targetHints":{"allow":["GET"]}}],"collection":[{"href":"https:\/\/versano.nl\/de\/wp-json\/wp\/v2\/pages"}],"about":[{"href":"https:\/\/versano.nl\/de\/wp-json\/wp\/v2\/types\/page"}],"author":[{"embeddable":true,"href":"https:\/\/versano.nl\/de\/wp-json\/wp\/v2\/users\/90"}],"replies":[{"embeddable":true,"href":"https:\/\/versano.nl\/de\/wp-json\/wp\/v2\/comments?post=27"}],"version-history":[{"count":2,"href":"https:\/\/versano.nl\/de\/wp-json\/wp\/v2\/pages\/27\/revisions"}],"predecessor-version":[{"id":5621,"href":"https:\/\/versano.nl\/de\/wp-json\/wp\/v2\/pages\/27\/revisions\/5621"}],"wp:attachment":[{"href":"https:\/\/versano.nl\/de\/wp-json\/wp\/v2\/media?parent=27"}],"curies":[{"name":"wp","href":"https:\/\/api.w.org\/{rel}","templated":true}]}}